{"id":1824,"date":"2021-06-09T08:36:36","date_gmt":"2021-06-09T06:36:36","guid":{"rendered":"https:\/\/szwajcariapraca.ch\/pl\/?page_id=1824"},"modified":"2021-10-26T13:41:53","modified_gmt":"2021-10-26T11:41:53","slug":"kontakt","status":"publish","type":"page","link":"https:\/\/szwajcariapraca.ch\/pl\/kontakt\/","title":{"rendered":"Kontakt"},"content":{"rendered":"\t\t<div data-elementor-type=\"wp-page\" data-elementor-id=\"1824\" class=\"elementor elementor-1824\" data-elementor-settings=\"[]\">\n\t\t\t\t\t\t<div class=\"elementor-inner\">\n\t\t\t\t\t\t\t<div class=\"elementor-section-wrap\">\n\t\t\t\t\t\t\t<section class=\"elementor-section elementor-top-section elementor-element elementor-element-1834fc08 elementor-section-full_width elementor-section-height-default elementor-section-height-default\" data-id=\"1834fc08\" data-element_type=\"section\" id=\"start\" data-settings=\"{&quot;background_background&quot;:&quot;classic&quot;}\">\n\t\t\t\t\t\t\t<div class=\"elementor-background-overlay\"><\/div>\n\t\t\t\t\t\t\t<div class=\"elementor-container elementor-column-gap-no\">\n\t\t\t\t\t\t\t<div class=\"elementor-row\">\n\t\t\t\t\t<div class=\"elementor-column elementor-col-100 elementor-top-column elementor-element elementor-element-5db331be\" data-id=\"5db331be\" data-element_type=\"column\">\n\t\t\t<div class=\"elementor-column-wrap elementor-element-populated\">\n\t\t\t\t\t\t\t<div class=\"elementor-widget-wrap\">\n\t\t\t\t\t\t<section class=\"elementor-section elementor-inner-section elementor-element elementor-element-2fa8c419 elementor-section-boxed elementor-section-height-default elementor-section-height-default\" data-id=\"2fa8c419\" data-element_type=\"section\" id=\"introcontainer\">\n\t\t\t\t\t\t\t<div class=\"elementor-background-overlay\"><\/div>\n\t\t\t\t\t\t\t<div class=\"elementor-container elementor-column-gap-default\">\n\t\t\t\t\t\t\t<div class=\"elementor-row\">\n\t\t\t\t\t<div class=\"elementor-column elementor-col-100 elementor-inner-column elementor-element elementor-element-7b4c2d09\" data-id=\"7b4c2d09\" data-element_type=\"column\">\n\t\t\t<div class=\"elementor-column-wrap elementor-element-populated\">\n\t\t\t\t\t\t\t<div class=\"elementor-widget-wrap\">\n\t\t\t\t\t\t<div class=\"elementor-element elementor-element-358ea5fd elementor-widget elementor-widget-text-editor\" data-id=\"358ea5fd\" data-element_type=\"widget\" id=\"intro\" data-widget_type=\"text-editor.default\">\n\t\t\t\t<div class=\"elementor-widget-container\">\n\t\t\t\t\t<div class=\"elementor-text-editor elementor-clearfix\"><h2 data-wow-delay=\"0.4s\">Jak znale\u017a\u0107 prac\u0119 w Szwajcarii?<\/h2><\/div>\n\t\t\t\t<\/div>\n\t\t\t\t<\/div>\n\t\t\t\t\t\t<\/div>\n\t\t\t\t\t<\/div>\n\t\t<\/div>\n\t\t\t\t\t\t\t\t<\/div>\n\t\t\t\t\t<\/div>\n\t\t<\/section>\n\t\t\t\t\t\t<\/div>\n\t\t\t\t\t<\/div>\n\t\t<\/div>\n\t\t\t\t\t\t\t\t<\/div>\n\t\t\t\t\t<\/div>\n\t\t<\/section>\n\t\t\t\t<section class=\"elementor-section elementor-top-section elementor-element elementor-element-4fe0aa18 elementor-section-boxed elementor-section-height-default elementor-section-height-default\" data-id=\"4fe0aa18\" data-element_type=\"section\" id=\"kategorie\">\n\t\t\t\t\t\t<div class=\"elementor-container elementor-column-gap-default\">\n\t\t\t\t\t\t\t<div class=\"elementor-row\">\n\t\t\t\t\t<div class=\"elementor-column elementor-col-100 elementor-top-column elementor-element elementor-element-71c09bea\" data-id=\"71c09bea\" data-element_type=\"column\">\n\t\t\t<div class=\"elementor-column-wrap elementor-element-populated\">\n\t\t\t\t\t\t\t<div class=\"elementor-widget-wrap\">\n\t\t\t\t\t\t<div class=\"elementor-element elementor-element-7a7e3381 elementor-widget elementor-widget-html\" data-id=\"7a7e3381\" data-element_type=\"widget\" data-widget_type=\"html.default\">\n\t\t\t\t<div class=\"elementor-widget-container\">\n\t\t\t<ul>\n    <li><a href=\"https:\/\/szwajcariapraca.ch\/pl\/umiejetnosci\"><i class=\"fas fa-clipboard-list\"><\/i>Strategia<\/a><\/li>\n    <li><a href=\"https:\/\/szwajcariapraca.ch\/pl\/oferty-pracy\"><i class=\"fab fa-accusoft\"><\/i>Oferty pracy<\/a><\/li>\n    <li><a href=\"https:\/\/szwajcariapraca.ch\/pl\/aplikacja\"><i class=\"fas fa-paper-plane\"><\/i>Aplikacja<\/a><\/li>\n    <li><a href=\"https:\/\/szwajcariapraca.ch\/pl\/rozmowa-kwalifikacyjna\"><i class=\"fas fa-user-tie\"><\/i>Rozmowa kwalifikacyjna<\/a><\/li>\n    <!--<li><a href=\"https:\/\/szwajcariapraca.ch\/pl\/okres-probny\"><i class=\"fas fa-calendar-alt\"><\/i>Okres pr\u00f3bny<\/a><\/li> -->\n    <li><a href=\"https:\/\/szwajcariapraca.ch\/pl\/praca\"><i class=\"fas fa-briefcase\"><\/i>Praca<\/a><\/li>\n<\/ul>\t\t<\/div>\n\t\t\t\t<\/div>\n\t\t\t\t\t\t<\/div>\n\t\t\t\t\t<\/div>\n\t\t<\/div>\n\t\t\t\t\t\t\t\t<\/div>\n\t\t\t\t\t<\/div>\n\t\t<\/section>\n\t\t\t\t<section class=\"elementor-section elementor-top-section elementor-element elementor-element-40b4bc elementor-section-full_width elementor-section-height-default elementor-section-height-default\" data-id=\"40b4bc\" data-element_type=\"section\" id=\"kategorie\" data-settings=\"{&quot;background_background&quot;:&quot;classic&quot;}\">\n\t\t\t\t\t\t\t<div class=\"elementor-background-overlay\"><\/div>\n\t\t\t\t\t\t\t<div class=\"elementor-container elementor-column-gap-no\">\n\t\t\t\t\t\t\t<div class=\"elementor-row\">\n\t\t\t\t\t<div class=\"elementor-column elementor-col-100 elementor-top-column elementor-element elementor-element-378f84c7\" data-id=\"378f84c7\" data-element_type=\"column\">\n\t\t\t<div class=\"elementor-column-wrap elementor-element-populated\">\n\t\t\t\t\t\t\t<div class=\"elementor-widget-wrap\">\n\t\t\t\t\t\t<div class=\"elementor-element elementor-element-2931b103 elementor-align-left elementor-widget elementor-widget-bdevs-contact\" data-id=\"2931b103\" data-element_type=\"widget\" id=\"kontakt\" data-widget_type=\"bdevs-contact.default\">\n\t\t\t\t<div class=\"elementor-widget-container\">\n\t\t\t            <!-- contact-form-area  -->\n            <div class=\"contact-form-area\">\n                <div class=\"container\">\n                    <div class=\"row\">\n                        <div class=\"col-xl-8 col-lg-10 offset-lg-1 offset-xl-2\">\n                            <div class=\"section-title-2 text-center mb-70\">                                \n                                \t\t\t\t\t\t\t\t\t<h2 class=\"mb-20\">Kontakt<\/h2>\n\t\t\t\t\t\t\t\t     \n\n                                \t\t\t\t\t\t\t\t\t<p>Przesy\u0142aj\u0105c do mnie wiadomo\u015b\u0107 w pierwszej kolejno\u015bci napisz prosz\u0119 w czym potrzebujesz pomocy. To pozwoli przyspieszy\u0107 proces naszej wsp\u00f3\u0142pracy.<\/p>\n\t\t\t\t\t\t\t\t                            <\/div>\n                        <\/div>\n                    <\/div>\n                    <div class=\"contact-form mb-30\">\n                        <div id=\"contact-form\">\n                        \t<div role=\"form\" class=\"wpcf7\" id=\"wpcf7-f551-o1\" lang=\"en-US\" dir=\"ltr\">\n<div class=\"screen-reader-response\"><p role=\"status\" aria-live=\"polite\" aria-atomic=\"true\"><\/p> <ul><\/ul><\/div>\n<form action=\"\/pl\/wp-json\/wp\/v2\/pages\/1824#wpcf7-f551-o1\" method=\"post\" class=\"wpcf7-form init\" enctype=\"multipart\/form-data\" novalidate=\"novalidate\" data-status=\"init\">\n<div style=\"display: none;\">\n<input type=\"hidden\" name=\"_wpcf7\" value=\"551\" \/>\n<input type=\"hidden\" name=\"_wpcf7_version\" value=\"5.3.2\" \/>\n<input type=\"hidden\" name=\"_wpcf7_locale\" value=\"en_US\" \/>\n<input type=\"hidden\" name=\"_wpcf7_unit_tag\" value=\"wpcf7-f551-o1\" \/>\n<input type=\"hidden\" name=\"_wpcf7_container_post\" value=\"0\" \/>\n<input type=\"hidden\" name=\"_wpcf7_posted_data_hash\" value=\"\" \/>\n<\/div>\n<p><span class=\"wpcf7-form-control-wrap text-570\"><input type=\"text\" name=\"text-570\" value=\"\" size=\"40\" class=\"wpcf7-form-control wpcf7-text wpcf7-validates-as-required\" aria-required=\"true\" aria-invalid=\"false\" placeholder=\"Imi\u0119 i Nazwisko\" \/><\/span><br \/>\n<span class=\"wpcf7-form-control-wrap email-187\"><input type=\"email\" name=\"email-187\" value=\"\" size=\"40\" class=\"wpcf7-form-control wpcf7-text wpcf7-email wpcf7-validates-as-required wpcf7-validates-as-email\" aria-required=\"true\" aria-invalid=\"false\" placeholder=\"Adres email\" \/><\/span><br \/>\n<span class=\"wpcf7-form-control-wrap text-571\"><input type=\"text\" name=\"text-571\" value=\"\" size=\"40\" class=\"wpcf7-form-control wpcf7-text wpcf7-validates-as-required\" aria-required=\"true\" aria-invalid=\"false\" placeholder=\"Temat\" \/><\/span><br \/>\n<span class=\"wpcf7-form-control-wrap textarea-293\"><textarea name=\"textarea-293\" cols=\"40\" rows=\"10\" class=\"wpcf7-form-control wpcf7-textarea wpcf7-validates-as-required\" aria-required=\"true\" aria-invalid=\"false\" placeholder=\"Wiadomo\u015b\u0107\"><\/textarea><\/span><br \/>\n<span style=\"color: #fff; display: block;\">Wgraj swoje aktualne CV:<br><br \/>\n<span class=\"wpcf7-form-control-wrap cv-file\"><input type=\"file\" name=\"cv-file\" size=\"40\" class=\"wpcf7-form-control wpcf7-file\" accept=\".jpg,.jpeg,.png,.gif,.pdf,.doc,.docx,.ppt,.pptx,.odt,.avi,.ogg,.m4a,.mov,.mp3,.mp4,.mpg,.wav,.wmv\" aria-invalid=\"false\" \/><\/span><\/span><\/p>\n<div class=\"rodobox\">\n<label><span class=\"wpcf7-form-control-wrap checkbox-309\"><span class=\"wpcf7-form-control wpcf7-checkbox wpcf7-validates-as-required\"><span class=\"wpcf7-list-item first last\"><input type=\"checkbox\" name=\"checkbox-309[]\" value=\"1\" \/><span class=\"wpcf7-list-item-label\">1<\/span><\/span><\/span><\/span>Zgadzam si\u0119 na przetwarzanie moich danych osobowych w celu udzielenia odpowiedzi na zapytanie. <a target='_blank' href='\/pl\/ochrona-danych.html'>Wi\u0119cej informacji<\/a><\/label><label><span class=\"wpcf7-form-control-wrap checkbox-310\"><span class=\"wpcf7-form-control wpcf7-checkbox wpcf7-validates-as-required\"><span class=\"wpcf7-list-item first last\"><input type=\"checkbox\" name=\"checkbox-310[]\" value=\"1\" \/><span class=\"wpcf7-list-item-label\">1<\/span><\/span><\/span><\/span>Zgadzam si\u0119 z <a target=\"_blank\" href=\"\/pl\/polityka.html\">polityk\u0105 prywatno\u015bci <\/a><\/label>\n<\/div>\n<p><input type=\"submit\" value=\"Wy\u015blij wiadomo\u015b\u0107\" class=\"wpcf7-form-control wpcf7-submit x-btn btn-black\" \/><\/p>\n<div class=\"wpcf7-response-output\" aria-hidden=\"true\"><\/div><\/form><\/div>                        <\/div>\n                        <p class=\"ajax-response\"><\/p>\n                    <\/div>\n                <\/div>\n            <\/div>\n            <!-- contact-form-area -->\n\n\t\t\t\n\t\t\t<\/div>\n\t\t\t\t<\/div>\n\t\t\t\t\t\t<\/div>\n\t\t\t\t\t<\/div>\n\t\t<\/div>\n\t\t\t\t\t\t\t\t<\/div>\n\t\t\t\t\t<\/div>\n\t\t<\/section>\n\t\t\t\t\t\t<\/div>\n\t\t\t\t\t\t<\/div>\n\t\t\t\t\t<\/div>\n\t\t","protected":false},"excerpt":{"rendered":"<p>Jak znale\u017a\u0107 prac\u0119 w Szwajcarii? Strategia Oferty pracy Aplikacja Rozmowa kwalifikacyjna Praca Kontakt Przesy\u0142aj\u0105c do mnie wiadomo\u015b\u0107 w pierwszej kolejno\u015bci napisz prosz\u0119 w czym potrzebujesz pomocy. To pozwoli przyspieszy\u0107 proces naszej wsp\u00f3\u0142pracy. Wgraj swoje aktualne CV: 1Zgadzam si\u0119 na przetwarzanie moich danych osobowych w celu udzielenia odpowiedzi na zapytanie. Wi\u0119cej informacji1Zgadzam si\u0119 z polityk\u0105 prywatno\u015bci<\/p>\n","protected":false},"author":1,"featured_media":0,"parent":0,"menu_order":0,"comment_status":"closed","ping_status":"closed","template":"elementor_header_footer","meta":{"footnotes":""},"class_list":["post-1824","page","type-page","status-publish","hentry"],"_links":{"self":[{"href":"https:\/\/szwajcariapraca.ch\/pl\/wp-json\/wp\/v2\/pages\/1824","targetHints":{"allow":["GET"]}}],"collection":[{"href":"https:\/\/szwajcariapraca.ch\/pl\/wp-json\/wp\/v2\/pages"}],"about":[{"href":"https:\/\/szwajcariapraca.ch\/pl\/wp-json\/wp\/v2\/types\/page"}],"author":[{"embeddable":true,"href":"https:\/\/szwajcariapraca.ch\/pl\/wp-json\/wp\/v2\/users\/1"}],"replies":[{"embeddable":true,"href":"https:\/\/szwajcariapraca.ch\/pl\/wp-json\/wp\/v2\/comments?post=1824"}],"version-history":[{"count":41,"href":"https:\/\/szwajcariapraca.ch\/pl\/wp-json\/wp\/v2\/pages\/1824\/revisions"}],"predecessor-version":[{"id":2284,"href":"https:\/\/szwajcariapraca.ch\/pl\/wp-json\/wp\/v2\/pages\/1824\/revisions\/2284"}],"wp:attachment":[{"href":"https:\/\/szwajcariapraca.ch\/pl\/wp-json\/wp\/v2\/media?parent=1824"}],"curies":[{"name":"wp","href":"https:\/\/api.w.org\/{rel}","templated":true}]}}