{"id":1991,"date":"2021-06-09T14:26:53","date_gmt":"2021-06-09T12:26:53","guid":{"rendered":"https:\/\/szwajcariapraca.ch\/pl\/?page_id=1991"},"modified":"2026-02-04T14:32:25","modified_gmt":"2026-02-04T13:32:25","slug":"strona-glowna","status":"publish","type":"page","link":"https:\/\/szwajcariapraca.ch\/pl\/","title":{"rendered":"Strona g\u0142\u00f3wna"},"content":{"rendered":"\t\t<div data-elementor-type=\"wp-page\" data-elementor-id=\"1991\" class=\"elementor elementor-1991\" data-elementor-settings=\"[]\">\n\t\t\t\t\t\t<div class=\"elementor-inner\">\n\t\t\t\t\t\t\t<div class=\"elementor-section-wrap\">\n\t\t\t\t\t\t\t<section class=\"elementor-section elementor-top-section elementor-element elementor-element-2523878e elementor-section-full_width elementor-section-height-default elementor-section-height-default\" data-id=\"2523878e\" data-element_type=\"section\" id=\"start\" data-settings=\"{&quot;background_background&quot;:&quot;classic&quot;}\">\n\t\t\t\t\t\t\t<div class=\"elementor-background-overlay\"><\/div>\n\t\t\t\t\t\t\t<div class=\"elementor-container elementor-column-gap-no\">\n\t\t\t\t\t\t\t<div class=\"elementor-row\">\n\t\t\t\t\t<div class=\"elementor-column elementor-col-100 elementor-top-column elementor-element elementor-element-66a6082\" data-id=\"66a6082\" data-element_type=\"column\">\n\t\t\t<div class=\"elementor-column-wrap elementor-element-populated\">\n\t\t\t\t\t\t\t<div class=\"elementor-widget-wrap\">\n\t\t\t\t\t\t<section class=\"elementor-section elementor-inner-section elementor-element elementor-element-4efe7348 elementor-section-boxed elementor-section-height-default elementor-section-height-default\" data-id=\"4efe7348\" data-element_type=\"section\" id=\"introcontainer\">\n\t\t\t\t\t\t\t<div class=\"elementor-background-overlay\"><\/div>\n\t\t\t\t\t\t\t<div class=\"elementor-container elementor-column-gap-default\">\n\t\t\t\t\t\t\t<div class=\"elementor-row\">\n\t\t\t\t\t<div class=\"elementor-column elementor-col-100 elementor-inner-column elementor-element elementor-element-3d2ba57c\" data-id=\"3d2ba57c\" data-element_type=\"column\">\n\t\t\t<div class=\"elementor-column-wrap elementor-element-populated\">\n\t\t\t\t\t\t\t<div class=\"elementor-widget-wrap\">\n\t\t\t\t\t\t<div class=\"elementor-element elementor-element-1145763b elementor-widget elementor-widget-text-editor\" data-id=\"1145763b\" data-element_type=\"widget\" id=\"intro\" data-widget_type=\"text-editor.default\">\n\t\t\t\t<div class=\"elementor-widget-container\">\n\t\t\t\t\t<div class=\"elementor-text-editor elementor-clearfix\"><h2 data-wow-delay=\"0.4s\">SZWAJCARIA PRACA<\/h2><\/div>\n\t\t\t\t<\/div>\n\t\t\t\t<\/div>\n\t\t\t\t\t\t<\/div>\n\t\t\t\t\t<\/div>\n\t\t<\/div>\n\t\t\t\t\t\t\t\t<\/div>\n\t\t\t\t\t<\/div>\n\t\t<\/section>\n\t\t\t\t\t\t<\/div>\n\t\t\t\t\t<\/div>\n\t\t<\/div>\n\t\t\t\t\t\t\t\t<\/div>\n\t\t\t\t\t<\/div>\n\t\t<\/section>\n\t\t\t\t<section class=\"elementor-section elementor-top-section elementor-element elementor-element-f463c13 elementor-section-boxed elementor-section-height-default elementor-section-height-default\" data-id=\"f463c13\" data-element_type=\"section\" id=\"kategorie\">\n\t\t\t\t\t\t<div class=\"elementor-container elementor-column-gap-default\">\n\t\t\t\t\t\t\t<div class=\"elementor-row\">\n\t\t\t\t\t<div class=\"elementor-column elementor-col-100 elementor-top-column elementor-element elementor-element-12a0590c\" data-id=\"12a0590c\" data-element_type=\"column\">\n\t\t\t<div class=\"elementor-column-wrap elementor-element-populated\">\n\t\t\t\t\t\t\t<div class=\"elementor-widget-wrap\">\n\t\t\t\t\t\t<div class=\"elementor-element elementor-element-2960ce90 elementor-widget elementor-widget-html\" data-id=\"2960ce90\" data-element_type=\"widget\" data-widget_type=\"html.default\">\n\t\t\t\t<div class=\"elementor-widget-container\">\n\t\t\t<ul>\n    <li><a href=\"https:\/\/szwajcariapraca.ch\/pl\/umiejetnosci\"><i class=\"fas fa-clipboard-list\"><\/i>Strategia<\/a><\/li>\n    <li><a href=\"https:\/\/szwajcariapraca.ch\/pl\/oferty-pracy\"><i class=\"fab fa-accusoft\"><\/i>Oferty pracy<\/a><\/li>\n    <li><a href=\"https:\/\/szwajcariapraca.ch\/pl\/aplikacja\"><i class=\"fas fa-paper-plane\"><\/i>CV+list motywacyjny po szwajcarsku<\/a><\/li>\n    <li><a href=\"https:\/\/szwajcariapraca.ch\/pl\/rozmowa-kwalifikacyjna\"><i class=\"fas fa-user-tie\"><\/i>Rozmowa o prac\u0119<\/a><\/li>\n    <!--<li><a href=\"https:\/\/szwajcariapraca.ch\/pl\/okres-probny\"><i class=\"fas fa-calendar-alt\"><\/i>Okres pr\u00f3bny<\/a><\/li> -->\n    <li><a href=\"https:\/\/szwajcariapraca.ch\/pl\/praca\"><i class=\"fas fa-briefcase\"><\/i>Praca<\/a><\/li>\n<\/ul>\t\t<\/div>\n\t\t\t\t<\/div>\n\t\t\t\t\t\t<\/div>\n\t\t\t\t\t<\/div>\n\t\t<\/div>\n\t\t\t\t\t\t\t\t<\/div>\n\t\t\t\t\t<\/div>\n\t\t<\/section>\n\t\t\t\t<section class=\"elementor-section elementor-top-section elementor-element elementor-element-3b59251 elementor-hidden-tablet elementor-hidden-phone elementor-section-boxed elementor-section-height-default elementor-section-height-default\" data-id=\"3b59251\" data-element_type=\"section\">\n\t\t\t\t\t\t<div class=\"elementor-container elementor-column-gap-default\">\n\t\t\t\t\t\t\t<div class=\"elementor-row\">\n\t\t\t\t\t<div class=\"elementor-column elementor-col-100 elementor-top-column elementor-element elementor-element-bac7b32\" data-id=\"bac7b32\" data-element_type=\"column\">\n\t\t\t<div class=\"elementor-column-wrap elementor-element-populated\">\n\t\t\t\t\t\t\t<div class=\"elementor-widget-wrap\">\n\t\t\t\t\t\t<div class=\"elementor-element elementor-element-fc16f85 elementor-hidden-desktop elementor-hidden-tablet elementor-hidden-phone elementor-widget elementor-widget-html\" data-id=\"fc16f85\" data-element_type=\"widget\" data-widget_type=\"html.default\">\n\t\t\t\t<div class=\"elementor-widget-container\">\n\t\t\t<div id=\"freebook\" style=\"display:block\">\n    <h2>Szukanie pracy w Szwajcarii w praktyce<\/h2>\n    <div class=\"ecover\">\n        <img src=https:\/\/szwajcariapraca.ch\/pl\/wp-content\/uploads\/2026\/02\/ebook-okladka.png \/>\n    <\/div>\n    <div class=\"benefits\">\n        <ul>\n        <li><strong>Dla os\u00f3b pocz\u0105tkuj\u0105cych i nie tylko<\/strong><\/li>\n        <li><strong>Dla os\u00f3b b\u0119d\u0105cych ju\u017c w Szwajcarii i nie tylko<\/strong><\/li>\n        <li><strong>Dla os\u00f3b kt\u00f3re nie wiedz\u0105 od czego zacz\u0105\u0107<\/strong> <\/li>\n        <li><strong>Dla os\u00f3b kt\u00f3re spe\u0142niaj\u0105 wymagania, ale nadal szukaj\u0105 pracy<\/strong> <\/li>\n    <\/ul>\n    <h3>Darmowy ebook wy\u015blij na adres <\/h3>\n    <form method=\"POST\" action=\"https:\/\/szwajcariaporadnik.activehosted.com\/proc.php\">\n        <input type=\"hidden\" name=\"u\" value=\"7\" \/>\n    <input type=\"hidden\" name=\"f\" value=\"7\" \/>\n    <input type=\"hidden\" name=\"s\" \/>\n    <input type=\"hidden\" name=\"c\" value=\"0\" \/>\n    <input type=\"hidden\" name=\"m\" value=\"0\" \/>\n    <input type=\"hidden\" name=\"act\" value=\"sub\" \/>\n    <input type=\"hidden\" name=\"v\" value=\"2\" \/>\n        <input class=\"txt\" type=\"email\" name=\"email\" placeholder=\"Adres email*\" required>\n        <p><a href=\"https:\/\/szwajcariapraca.ch\/pl\/polityka.html\" target=\"_blank\">Polityka prywatno\u015bci<\/a><br>\n        <label><input type=\"checkbox\" required> Zapozna\u0142em si\u0119 z polityk\u0105 prywatno\u015bci i wyra\u017cam zgod\u0119 na przetwarzanie moich danych osobowych w celu dostarczania materia\u0142\u00f3w zwi\u0105zanych z szukaniem pracy w Szwajcarii.<\/label>\n        <\/p>\n        <button type=\"submit\">Tak, wy\u015blij za darmo<\/button>\n    <\/form>\n    <\/div>\n    \n<\/div>\t\t<\/div>\n\t\t\t\t<\/div>\n\t\t\t\t\t\t<\/div>\n\t\t\t\t\t<\/div>\n\t\t<\/div>\n\t\t\t\t\t\t\t\t<\/div>\n\t\t\t\t\t<\/div>\n\t\t<\/section>\n\t\t\t\t\t\t<\/div>\n\t\t\t\t\t\t<\/div>\n\t\t\t\t\t<\/div>\n\t\t","protected":false},"excerpt":{"rendered":"<p>SZWAJCARIA PRACA Strategia Oferty pracy CV+list motywacyjny po szwajcarsku Rozmowa o prac\u0119 Praca Szukanie pracy w Szwajcarii w praktyce Dla os\u00f3b pocz\u0105tkuj\u0105cych i nie tylko Dla os\u00f3b b\u0119d\u0105cych ju\u017c w Szwajcarii i nie tylko Dla os\u00f3b kt\u00f3re nie wiedz\u0105 od czego zacz\u0105\u0107 Dla os\u00f3b kt\u00f3re spe\u0142niaj\u0105 wymagania, ale nadal szukaj\u0105 pracy Darmowy ebook wy\u015blij na [&hellip;]<\/p>\n","protected":false},"author":1,"featured_media":0,"parent":0,"menu_order":0,"comment_status":"closed","ping_status":"closed","template":"elementor_header_footer","meta":{"footnotes":""},"class_list":["post-1991","page","type-page","status-publish","hentry"],"_links":{"self":[{"href":"https:\/\/szwajcariapraca.ch\/pl\/wp-json\/wp\/v2\/pages\/1991","targetHints":{"allow":["GET"]}}],"collection":[{"href":"https:\/\/szwajcariapraca.ch\/pl\/wp-json\/wp\/v2\/pages"}],"about":[{"href":"https:\/\/szwajcariapraca.ch\/pl\/wp-json\/wp\/v2\/types\/page"}],"author":[{"embeddable":true,"href":"https:\/\/szwajcariapraca.ch\/pl\/wp-json\/wp\/v2\/users\/1"}],"replies":[{"embeddable":true,"href":"https:\/\/szwajcariapraca.ch\/pl\/wp-json\/wp\/v2\/comments?post=1991"}],"version-history":[{"count":94,"href":"https:\/\/szwajcariapraca.ch\/pl\/wp-json\/wp\/v2\/pages\/1991\/revisions"}],"predecessor-version":[{"id":2432,"href":"https:\/\/szwajcariapraca.ch\/pl\/wp-json\/wp\/v2\/pages\/1991\/revisions\/2432"}],"wp:attachment":[{"href":"https:\/\/szwajcariapraca.ch\/pl\/wp-json\/wp\/v2\/media?parent=1991"}],"curies":[{"name":"wp","href":"https:\/\/api.w.org\/{rel}","templated":true}]}}